{"id":12165,"date":"2022-02-03T09:51:15","date_gmt":"2022-02-03T08:51:15","guid":{"rendered":"https:\/\/www.diecrew.de\/newsletter-unsubscribe\/"},"modified":"2023-03-21T14:22:59","modified_gmt":"2023-03-21T13:22:59","slug":"newsletter-unsubscribe","status":"publish","type":"page","link":"https:\/\/www.diecrew.de\/en\/newsletter-unsubscribe\/","title":{"rendered":"Newsletter Unsubscribe"},"content":{"rendered":"<p>[et_pb_section fb_built=&#8221;1&#8243; custom_padding_last_edited=&#8221;on|phone&#8221; _builder_version=&#8221;4.16&#8243; custom_padding=&#8221;||0px||false|false&#8221; custom_padding_tablet=&#8221;||0px||false|false&#8221; custom_padding_phone=&#8221;||0px||false|false&#8221; global_colors_info=&#8221;{}&#8221;][et_pb_row custom_padding_last_edited=&#8221;on|phone&#8221; _builder_version=&#8221;4.16&#8243; custom_padding=&#8221;||0px||false|false&#8221; custom_padding_tablet=&#8221;||0px||false|false&#8221; custom_padding_phone=&#8221;||0px||false|false&#8221; global_colors_info=&#8221;{}&#8221;][et_pb_column type=&#8221;4_4&#8243; _builder_version=&#8221;4.16&#8243; global_colors_info=&#8221;{}&#8221;][et_pb_code _builder_version=&#8221;4.16&#8243; custom_padding=&#8221;||0px||false|false&#8221; custom_padding_tablet=&#8221;||0px||false|false&#8221; custom_padding_phone=&#8221;||0px||false|false&#8221; custom_padding_last_edited=&#8221;on|phone&#8221; global_colors_info=&#8221;{}&#8221;]<\/p>\n<form class=\"layout_form desktop-v cr_form cr_font\" action=\"https:\/\/eu2.cleverreach.com\/f\/151112-245963\/wcu\/\" method=\"post\" target=\"_blank\"><!-- [et_pb_line_break_holder] -->\t<\/p>\n<div class=\"cr_body cr_page cr_font formbox\"><!-- [et_pb_line_break_holder] -->\t\t<\/p>\n<div class=\"non_sortable\" style=\"text-align:left;\"><!-- [et_pb_line_break_holder] -->\t\t\t<!-- [et_pb_line_break_holder] -->\t\t<\/div>\n<p><!-- [et_pb_line_break_holder] -->\t\t<!-- [et_pb_line_break_holder] -->\t\t<\/p>\n<div class=\"editable_content\" style=\"text-align:left; color: #8b8b8b; font-weight:300;\"><!-- [et_pb_line_break_holder] -->\t\t<\/p>\n<div id=\"5304227\" rel=\"mce_text\" class=\"cr_ipe_item ui-sortable\"><!-- [et_pb_line_break_holder] --><\/p>\n<div class=\"mce_text\">\n<h1>Newsletter Unsubscribe<\/h1>\n<p><!-- [et_pb_line_break_holder] -->  <!\u2013- [et_pb_br_holder] -\u2013><pee><span style=\"font-size: medium;\" mce_style=\"font-size: medium;\"><span style=\"font-size: medium;\" mce_style=\"font-size: medium;\">Please enter your e-mail address to unsubscribe from our newsletter.<\/span><\/span><\/pee><\/div>\n<p><!\u2013- [et_pb_br_holder] -\u2013><!-- [et_pb_line_break_holder] --><\/div>\n<div id=\"5304229\" rel=\"email\" style=\"width:100%;float:left;\" class=\"cr_ipe_item layout_form desktop-v ab ui-sortable musthave\"><!-- [et_pb_line_break_holder] --><label for=\"text5304229\" style=\"width:100%;float:left;\" class=\"itemname\"><\/label> <input id=\"text5304229\" name=\"email\" value=\"\" required=\"yes\" type=\"text\" placeholder=\"E-mail*\" style=\"width:300px;\"><!-- [et_pb_line_break_holder] --><\/div>\n<div id=\"5304232\" rel=\"button\" class=\"cr_ipe_item desktop-v ui-sortable submit_container\" style=\"margin-bottom:px;\"><!-- [et_pb_line_break_holder] --><button type=\"submit\" class=\"cr_button desktop-v\">Unsubscribe<\/button><!-- [et_pb_line_break_holder] --><\/div>\n<p><!-- [et_pb_line_break_holder] -->        <\/div>\n<p><!-- [et_pb_line_break_holder] -->        <!-- [et_pb_line_break_holder] -->\t<noscript><a href=\"http:\/\/www.cleverreach.de\">www.CleverReach.de<\/a><\/noscript><!-- [et_pb_line_break_holder] -->    <\/div>\n<p><!-- [et_pb_line_break_holder] -->    <!-- [et_pb_line_break_holder] --><\/form>\n<p><!-- [et_pb_line_break_holder] -->[\/et_pb_code][\/et_pb_column][\/et_pb_row][\/et_pb_section]<\/p>\n","protected":false},"excerpt":{"rendered":"","protected":false},"author":1,"featured_media":11742,"parent":0,"menu_order":0,"comment_status":"closed","ping_status":"closed","template":"","meta":{"_acf_changed":false,"_et_pb_use_builder":"on","_et_pb_old_content":"","_et_gb_content_width":"","footnotes":""},"class_list":["post-12165","page","type-page","status-publish","has-post-thumbnail","hentry"],"acf":[],"yoast_head":"<!-- This site is optimized with the Yoast SEO plugin v26.8 - https:\/\/yoast.com\/product\/yoast-seo-wordpress\/ -->\n<title>Newsletter Unsubscribe | DIE CREW AG<\/title>\n<meta name=\"description\" content=\"Here you can unsubscribe from our newsletter. We hope to welcome you again soon.\" \/>\n<meta name=\"robots\" content=\"index, follow, max-snippet:-1, max-image-preview:large, max-video-preview:-1\" \/>\n<link rel=\"canonical\" href=\"https:\/\/www.diecrew.de\/en\/newsletter-unsubscribe\/\" \/>\n<meta property=\"og:locale\" content=\"en_US\" \/>\n<meta property=\"og:type\" content=\"article\" \/>\n<meta property=\"og:title\" content=\"Newsletter Unsubscribe | DIE CREW AG\" \/>\n<meta property=\"og:description\" content=\"Here you can unsubscribe from our newsletter. We hope to welcome you again soon.\" \/>\n<meta property=\"og:url\" content=\"https:\/\/www.diecrew.de\/en\/newsletter-unsubscribe\/\" \/>\n<meta property=\"og:site_name\" content=\"Die Crew AG\" \/>\n<meta property=\"article:modified_time\" content=\"2023-03-21T13:22:59+00:00\" \/>\n<meta property=\"og:image\" content=\"https:\/\/www.diecrew.de\/wp-content\/uploads\/2020\/12\/Beitragbilder_one_crew_1200x630-neu.jpg\" \/>\n\t<meta property=\"og:image:width\" content=\"1920\" \/>\n\t<meta property=\"og:image:height\" content=\"1008\" \/>\n\t<meta property=\"og:image:type\" content=\"image\/jpeg\" \/>\n<meta name=\"twitter:card\" content=\"summary_large_image\" \/>\n<meta name=\"twitter:label1\" content=\"Est. reading time\" \/>\n\t<meta name=\"twitter:data1\" content=\"5 minutes\" \/>\n<script type=\"application\/ld+json\" class=\"yoast-schema-graph\">{\"@context\":\"https:\/\/schema.org\",\"@graph\":[{\"@type\":\"WebPage\",\"@id\":\"https:\/\/www.diecrew.de\/en\/newsletter-unsubscribe\/\",\"url\":\"https:\/\/www.diecrew.de\/en\/newsletter-unsubscribe\/\",\"name\":\"Newsletter Unsubscribe | DIE CREW AG\",\"isPartOf\":{\"@id\":\"https:\/\/www.diecrew.de\/en\/#website\"},\"primaryImageOfPage\":{\"@id\":\"https:\/\/www.diecrew.de\/en\/newsletter-unsubscribe\/#primaryimage\"},\"image\":{\"@id\":\"https:\/\/www.diecrew.de\/en\/newsletter-unsubscribe\/#primaryimage\"},\"thumbnailUrl\":\"https:\/\/www.diecrew.de\/wp-content\/uploads\/2020\/12\/Beitragbilder_one_crew_1200x630-neu.jpg\",\"datePublished\":\"2022-02-03T08:51:15+00:00\",\"dateModified\":\"2023-03-21T13:22:59+00:00\",\"description\":\"Here you can unsubscribe from our newsletter. We hope to welcome you again soon.\",\"breadcrumb\":{\"@id\":\"https:\/\/www.diecrew.de\/en\/newsletter-unsubscribe\/#breadcrumb\"},\"inLanguage\":\"en-US\",\"potentialAction\":[{\"@type\":\"ReadAction\",\"target\":[\"https:\/\/www.diecrew.de\/en\/newsletter-unsubscribe\/\"]}]},{\"@type\":\"ImageObject\",\"inLanguage\":\"en-US\",\"@id\":\"https:\/\/www.diecrew.de\/en\/newsletter-unsubscribe\/#primaryimage\",\"url\":\"https:\/\/www.diecrew.de\/wp-content\/uploads\/2020\/12\/Beitragbilder_one_crew_1200x630-neu.jpg\",\"contentUrl\":\"https:\/\/www.diecrew.de\/wp-content\/uploads\/2020\/12\/Beitragbilder_one_crew_1200x630-neu.jpg\",\"width\":1920,\"height\":1008},{\"@type\":\"BreadcrumbList\",\"@id\":\"https:\/\/www.diecrew.de\/en\/newsletter-unsubscribe\/#breadcrumb\",\"itemListElement\":[{\"@type\":\"ListItem\",\"position\":1,\"name\":\"Startseite\",\"item\":\"https:\/\/www.diecrew.de\/en\/\"},{\"@type\":\"ListItem\",\"position\":2,\"name\":\"Newsletter Unsubscribe\"}]},{\"@type\":\"WebSite\",\"@id\":\"https:\/\/www.diecrew.de\/en\/#website\",\"url\":\"https:\/\/www.diecrew.de\/en\/\",\"name\":\"Die Crew AG\",\"description\":\"Wir, die Stuttgarter Werbeagentur DIE CREW, stehen f\u00fcr Creative Sales Campaigning. Wir entwickeln Marken, machen Vertriebsorganisationen schlagkr\u00e4ftig, sorgen f\u00fcr Wirkung im Markt.\",\"potentialAction\":[{\"@type\":\"SearchAction\",\"target\":{\"@type\":\"EntryPoint\",\"urlTemplate\":\"https:\/\/www.diecrew.de\/en\/?s={search_term_string}\"},\"query-input\":{\"@type\":\"PropertyValueSpecification\",\"valueRequired\":true,\"valueName\":\"search_term_string\"}}],\"inLanguage\":\"en-US\"}]}<\/script>\n<!-- \/ Yoast SEO plugin. -->","yoast_head_json":{"title":"Newsletter Unsubscribe | DIE CREW AG","description":"Here you can unsubscribe from our newsletter. We hope to welcome you again soon.","robots":{"index":"index","follow":"follow","max-snippet":"max-snippet:-1","max-image-preview":"max-image-preview:large","max-video-preview":"max-video-preview:-1"},"canonical":"https:\/\/www.diecrew.de\/en\/newsletter-unsubscribe\/","og_locale":"en_US","og_type":"article","og_title":"Newsletter Unsubscribe | DIE CREW AG","og_description":"Here you can unsubscribe from our newsletter. We hope to welcome you again soon.","og_url":"https:\/\/www.diecrew.de\/en\/newsletter-unsubscribe\/","og_site_name":"Die Crew AG","article_modified_time":"2023-03-21T13:22:59+00:00","og_image":[{"width":1920,"height":1008,"url":"https:\/\/www.diecrew.de\/wp-content\/uploads\/2020\/12\/Beitragbilder_one_crew_1200x630-neu.jpg","type":"image\/jpeg"}],"twitter_card":"summary_large_image","twitter_misc":{"Est. reading time":"5 minutes"},"schema":{"@context":"https:\/\/schema.org","@graph":[{"@type":"WebPage","@id":"https:\/\/www.diecrew.de\/en\/newsletter-unsubscribe\/","url":"https:\/\/www.diecrew.de\/en\/newsletter-unsubscribe\/","name":"Newsletter Unsubscribe | DIE CREW AG","isPartOf":{"@id":"https:\/\/www.diecrew.de\/en\/#website"},"primaryImageOfPage":{"@id":"https:\/\/www.diecrew.de\/en\/newsletter-unsubscribe\/#primaryimage"},"image":{"@id":"https:\/\/www.diecrew.de\/en\/newsletter-unsubscribe\/#primaryimage"},"thumbnailUrl":"https:\/\/www.diecrew.de\/wp-content\/uploads\/2020\/12\/Beitragbilder_one_crew_1200x630-neu.jpg","datePublished":"2022-02-03T08:51:15+00:00","dateModified":"2023-03-21T13:22:59+00:00","description":"Here you can unsubscribe from our newsletter. We hope to welcome you again soon.","breadcrumb":{"@id":"https:\/\/www.diecrew.de\/en\/newsletter-unsubscribe\/#breadcrumb"},"inLanguage":"en-US","potentialAction":[{"@type":"ReadAction","target":["https:\/\/www.diecrew.de\/en\/newsletter-unsubscribe\/"]}]},{"@type":"ImageObject","inLanguage":"en-US","@id":"https:\/\/www.diecrew.de\/en\/newsletter-unsubscribe\/#primaryimage","url":"https:\/\/www.diecrew.de\/wp-content\/uploads\/2020\/12\/Beitragbilder_one_crew_1200x630-neu.jpg","contentUrl":"https:\/\/www.diecrew.de\/wp-content\/uploads\/2020\/12\/Beitragbilder_one_crew_1200x630-neu.jpg","width":1920,"height":1008},{"@type":"BreadcrumbList","@id":"https:\/\/www.diecrew.de\/en\/newsletter-unsubscribe\/#breadcrumb","itemListElement":[{"@type":"ListItem","position":1,"name":"Startseite","item":"https:\/\/www.diecrew.de\/en\/"},{"@type":"ListItem","position":2,"name":"Newsletter Unsubscribe"}]},{"@type":"WebSite","@id":"https:\/\/www.diecrew.de\/en\/#website","url":"https:\/\/www.diecrew.de\/en\/","name":"Die Crew AG","description":"Wir, die Stuttgarter Werbeagentur DIE CREW, stehen f\u00fcr Creative Sales Campaigning. Wir entwickeln Marken, machen Vertriebsorganisationen schlagkr\u00e4ftig, sorgen f\u00fcr Wirkung im Markt.","potentialAction":[{"@type":"SearchAction","target":{"@type":"EntryPoint","urlTemplate":"https:\/\/www.diecrew.de\/en\/?s={search_term_string}"},"query-input":{"@type":"PropertyValueSpecification","valueRequired":true,"valueName":"search_term_string"}}],"inLanguage":"en-US"}]}},"_links":{"self":[{"href":"https:\/\/www.diecrew.de\/en\/wp-json\/wp\/v2\/pages\/12165","targetHints":{"allow":["GET"]}}],"collection":[{"href":"https:\/\/www.diecrew.de\/en\/wp-json\/wp\/v2\/pages"}],"about":[{"href":"https:\/\/www.diecrew.de\/en\/wp-json\/wp\/v2\/types\/page"}],"author":[{"embeddable":true,"href":"https:\/\/www.diecrew.de\/en\/wp-json\/wp\/v2\/users\/1"}],"replies":[{"embeddable":true,"href":"https:\/\/www.diecrew.de\/en\/wp-json\/wp\/v2\/comments?post=12165"}],"version-history":[{"count":7,"href":"https:\/\/www.diecrew.de\/en\/wp-json\/wp\/v2\/pages\/12165\/revisions"}],"predecessor-version":[{"id":14157,"href":"https:\/\/www.diecrew.de\/en\/wp-json\/wp\/v2\/pages\/12165\/revisions\/14157"}],"wp:featuredmedia":[{"embeddable":true,"href":"https:\/\/www.diecrew.de\/en\/wp-json\/wp\/v2\/media\/11742"}],"wp:attachment":[{"href":"https:\/\/www.diecrew.de\/en\/wp-json\/wp\/v2\/media?parent=12165"}],"curies":[{"name":"wp","href":"https:\/\/api.w.org\/{rel}","templated":true}]}}