{"id":12159,"date":"2022-02-03T09:50:38","date_gmt":"2022-02-03T08:50:38","guid":{"rendered":"https:\/\/www.diecrew.de\/newsletter-2\/"},"modified":"2025-01-16T14:41:17","modified_gmt":"2025-01-16T13:41:17","slug":"newsletter","status":"publish","type":"page","link":"https:\/\/www.diecrew.de\/en\/newsletter\/","title":{"rendered":"Newsletter"},"content":{"rendered":"<p>[et_pb_section fb_built=&#8221;1&#8243; _builder_version=&#8221;4.16&#8243; global_colors_info=&#8221;{}&#8221;][et_pb_row disabled_on=&#8221;off|off|off&#8221; _builder_version=&#8221;4.16&#8243; global_colors_info=&#8221;{}&#8221;][et_pb_column type=&#8221;4_4&#8243; _builder_version=&#8221;4.16&#8243; global_colors_info=&#8221;{}&#8221;][et_pb_code _builder_version=&#8221;4.27.4&#8243; hover_enabled=&#8221;0&#8243; custom_css_main_element=&#8221;color:#b8b8b8;&#8221; global_colors_info=&#8221;{}&#8221; sticky_enabled=&#8221;0&#8243;]<\/p>\n<h1>Newsletter registration<\/h1>\n<p><!-- [et_pb_line_break_holder] --><\/p>\n<h2><!-- [et_pb_line_break_holder] --> With our CREW UPDATE, you will regularly receive the latest news about the crew and exciting information about advertising, <!-- [et_pb_line_break_holder] -->marketing and creation. We look forward to hearing from you!<!-- [et_pb_line_break_holder] --><\/h2>\n<p><!-- [et_pb_line_break_holder] --><!-- [et_pb_line_break_holder] --><script><!-- [et_pb_line_break_holder] -->function loadjQuery(e,t){var n=document.createElement(\"script\");n.setAttribute(\"src\",e);n.onload=t;n.onreadystatechange=function(){if(this.readyState==\"complete\"||this.readyState==\"loaded\")t()};document.getElementsByTagName(\"head\")[0].appendChild(n)}function main(){<!-- [et_pb_line_break_holder] -->var $cr=jQuery.noConflict();var old_src;$cr(document).ready(function(){$cr(\".cr_form\").submit(function(){$cr(this).find('.clever_form_error').removeClass('clever_form_error');$cr(this).find('.clever_form_note').remove();$cr(this).find(\".musthave\").find('input, textarea').each(function(){if(jQuery.trim($cr(this).val())==\"\"||($cr(this).is(':checkbox'))||($cr(this).is(':radio'))){if($cr(this).is(':checkbox')||($cr(this).is(':radio'))){if(!$cr(this).parents(\".cr_ipe_item\").find(\":checked\").is(\":checked\")){$cr(this).parents(\".cr_ipe_item\").addClass('clever_form_error')}}else{$cr(this).addClass('clever_form_error')}>;if($cr(this).attr(\"action\").search(document.domain)>0&&$cr(\".cr_form\").attr(\"action\").search(\"wcs\")>0){var cr_email=$cr(this).find('input[name=email]');var unsub=false;if($cr(\"input['name=cr_subunsubscribe'][value='false']\").length){if($cr(\"input['name=cr_subunsubscribe'][value='false']\").is(\":checked\")){unsub=true}}if(cr_email.val()&&!unsub){$cr.ajax({type:\"GET\",url:$cr(\".cr_form\").attr(\"action\").replace(\"wcs\",\"check_email\")+window.btoa($cr(this).find('input[name=email]').val()),success:function(data){if(data){cr_email.addClass('clever_form_error').before(\"<\/p>\n<div class='clever_form_note cr_font'>\"+data+\"<\/div>\n<p>\");return false}},async:false})}var cr_captcha=$cr(this).find('input[name=captcha]');if(cr_captcha.val()){$cr.ajax({type:\"GET\",url:$cr(\".cr_form\").attr(\"action\").replace(\"wcs\",\"check_captcha\")+$cr(this).find('input[name=captcha]').val(),success:function(data){if(data){cr_captcha.addClass('clever_form_error').after(\"<\/p>\n<div style='display:block' class='clever_form_note cr_font'>\"+data+\"<\/div>\n<p>\");return false}},async:false})}}if($cr(this).find('.clever_form_error').length){return false}return true});$cr('input[class*=\"cr_number\"]').change(function(){if(isNaN($cr(this).val())){$cr(this).val(1)}if($cr(this).attr(\"min\")){if(($cr(this).val()*1)<($cr(this).attr(\"min\")*1)){$cr(this).val($cr(this).attr(\"min\"))}}if($cr(this).attr(\"max\")){if(($cr(this).val()*1)>($cr(this).attr(\"max\")*1)){$cr(this).val($cr(this).attr(\"max\"))}>;old_src=$cr(\"div[rel='captcha'] img:not(.captcha2_reload)\").attr(\"src\");if($cr(\"div[rel='captcha'] img:not(.captcha2_reload)\").length!=0){captcha_reload()>;function captcha_reload(){var timestamp=new Date().getTime();$cr(\"div[rel='captcha'] img:not(.captcha2_reload)\").attr(\"src\",\"\");$cr(\"div[rel='captcha'] img:not(.captcha2_reload)\").attr(\"src\",old_src+\"?t=\"+timestamp);return false}<!-- [et_pb_line_break_holder] --><!-- [et_pb_line_break_holder] -->}<!-- [et_pb_line_break_holder] -->if(typeof jQuery===\"undefined\"){loadjQuery(\"\/\/ajax.googleapis.com\/ajax\/libs\/jquery\/1.4.4\/jquery.min.js\",main)}else{main()}<!-- [et_pb_line_break_holder] --><!-- [et_pb_line_break_holder] --><\/script><!-- [et_pb_line_break_holder] --><!-- [et_pb_line_break_holder] --><\/p>\n<form class=\"layout_form desktop-v cr_form cr_font\" action=\"https:\/\/eu2.cleverreach.com\/f\/151112-188520\/wcs\/\" method=\"post\" target=\"_blank\"><!-- [et_pb_line_break_holder] --><\/p>\n<div class=\"cr_body cr_page cr_font formbox\"><!-- [et_pb_line_break_holder] --><\/p>\n<div class=\"non_sortable\" style=\"text-align: left;\"> <\/div>\n<p><!-- [et_pb_line_break_holder] --><\/p>\n<div class=\"editable_content\" style=\"text-align: left;\"><!-- [et_pb_line_break_holder] --><\/p>\n<div id=\"4000438\" class=\"cr_ipe_item anrede ui-sortable\"><!-- [et_pb_line_break_holder] -->  <\/p>\n<div class=\"radio-selection\"> <label for=\"select_4000438\">Title<\/label><\/div>\n<\/pee><!-- [et_pb_line_break_holder] --><\/p>\n<div class=\"radio-selection\"><input type=\"radio\" id=\"select_4000438\" class=\"cr_font\" name=\"1011835\" value=\"Mrs\/Ms\"> <label for=\"frau\">Mrs\/Ms<\/label><\/div>\n<p><!-- [et_pb_line_break_holder] --><\/p>\n<div class=\"radio-selection\"><input type=\"radio\" id=\"select_4000438\" class=\"cr_font\" name=\"1011835\" value=\"Mr\">  <label for=\"herr\">Mr<\/label><\/div>\n<p><!-- [et_pb_line_break_holder] --><\/p>\n<div class=\"radio-selection\"><input type=\"radio\" id=\"select_4000438\" class=\"cr_font\" name=\"1011835\" value=\"Mr\">  <label for=\"herr\">Mx<\/label><\/div>\n<p><!-- [et_pb_line_break_holder] --><\/div>\n<p><!-- [et_pb_line_break_holder] -->  <!\u2013- [et_pb_br_holder] -\u2013><!-- [et_pb_line_break_holder] --><\/p>\n<div id=\"4000440\" class=\"field-input cr_ipe_item ui-sortable\"><!-- [et_pb_line_break_holder] -->  <label class=\"itemname\" for=\"text4000440\"><\/label> <!-- [et_pb_line_break_holder] -->  <input id=\"text4000440\" placeholder=\"First name\" style=\"width: 100%;\" name=\"1005857\" type=\"text\" value=\"\"><!-- [et_pb_line_break_holder] --><\/div>\n<p><!-- [et_pb_line_break_holder] --> <!-- [et_pb_line_break_holder] --><\/p>\n<div id=\"4000442\" class=\"field-input cr_ipe_item ui-sortable\"><!-- [et_pb_line_break_holder] -->  <label class=\"itemname\" for=\"text4000442\"><\/label> <!-- [et_pb_line_break_holder] -->  <input id=\"text4000442\" placeholder=\"Last name\" style=\"width: 100%;\" name=\"1005858\" type=\"text\" value=\"\"><!-- [et_pb_line_break_holder] --><\/div>\n<p><!-- [et_pb_line_break_holder] --><\/p>\n<div id=\"4000443\" rel=\"email\" class=\"field-input cr_ipe_item ui-sortable musthave\"><!-- [et_pb_line_break_holder] -->  <label class=\"itemname\" for=\"text4000443\"><\/label> <!-- [et_pb_line_break_holder] -->  <input id=\"text4000443\" required=\"yes\" placeholder=\"E-Mail*\" style=\"width: 100%;\" name=\"email\" type=\"text\" value=\"\"><!-- [et_pb_line_break_holder] --><\/div>\n<p><!-- [et_pb_line_break_holder] -->  <!\u2013- [et_pb_br_holder] -\u2013><!-- [et_pb_line_break_holder] -->  <!-- [et_pb_line_break_holder] --><\/div>\n<p><!-- [et_pb_line_break_holder] --><!\u2013- [et_pb_br_holder] -\u2013><!-- [et_pb_line_break_holder] -->  <!-- [et_pb_line_break_holder] -->   <\/p>\n<div class=\"consent-read\"><pee style=\"font-size:14px; line-height: 1.5em; padding-top:70px;\">Note on data protection<!\u2013- [et_pb_br_holder] -\u2013><!-- [et_pb_line_break_holder] -->By entering my e-mail address and clicking the &#8220;Subscribe&#8221; button, I agree to DIE CREW AG sending me information on the following topics by e-mail on a regular ( generally monthly) basis: Current information about the crew and exciting information about advertising, marketing and creation. I can revoke my consent to DIE CREW AG at any time. Further information on the documentation of your registration, the statistical evaluation, the dispatch procedure as well as your unsubscription options (revocation) can be found in our <a href=\"https:\/\/www.diecrew.de\/en\/privacy-policy\/\">data protection declaration<\/a>.<\/pee><\/div>\n<p><!-- [et_pb_line_break_holder] -->     <div class=\"brlbs-cmpnt-container brlbs-cmpnt-content-blocker brlbs-cmpnt-with-individual-styles\" data-borlabs-cookie-content-blocker-id=\"cleverreach\" data-borlabs-cookie-content=\"PCEtLSBbZXRfcGJfbGluZV9icmVha19ob2xkZXJdIC0tPiAgPC9wPgo8ZGl2IGlkPSI5MTk4MDIwIiByZWw9InJlY2FwdGNoYSIgY2xhc3M9ImNyX2lwZV9pdGVtIHVpLXNvcnRhYmxlIG11c3RoYXZlIj48IS0tIFtldF9wYl9saW5lX2JyZWFrX2hvbGRlcl0gLS0+ICA8IS0tIFtldF9wYl9saW5lX2JyZWFrX2hvbGRlcl0gLS0+PCEtLSBbZXRfcGJfbGluZV9icmVha19ob2xkZXJdIC0tPiAgPCEtLSBbZXRfcGJfbGluZV9icmVha19ob2xkZXJdIC0tPjwhLS0gW2V0X3BiX2xpbmVfYnJlYWtfaG9sZGVyXSAtLT4gIDxzY3JpcHQgc3JjPSJodHRwczovL3d3dy5nb29nbGUuY29tL3JlY2FwdGNoYS9hcGkuanMiIGFzeW5jPSIiIGRlZmVyPjwvc2NyaXB0PjwhLS0gW2V0X3BiX2xpbmVfYnJlYWtfaG9sZGVyXSAtLT4gIDwh4oCTLSBbZXRfcGJfYnJfaG9sZGVyXSAt4oCTPjwhLS0gW2V0X3BiX2xpbmVfYnJlYWtfaG9sZGVyXSAtLT4gIDwvcD4KPGRpdiBpZD0icmVjYXB0Y2hhX3YyX3dpZGdldCIgY2xhc3M9ImctcmVjYXB0Y2hhIiBkYXRhLXRoZW1lPSJsaWdodCIgZGF0YS1zaXplPSJub3JtYWwiIGRhdGEtc2l0ZWtleT0iNkxmaGNkMFNBQUFBQU9CRUhtQVZFSEplUm5ySDhUN3dQdnZOekVQRCI+PC9kaXY+CjxwPjwhLS0gW2V0X3BiX2xpbmVfYnJlYWtfaG9sZGVyXSAtLT4gIDwhLS0gW2V0X3BiX2xpbmVfYnJlYWtfaG9sZGVyXSAtLT4gIDwvcD4KPGRpdiBpZD0iNDAwMDQ0NyIgcmVsPSJidXR0b24iIGNsYXNzPSJjcl9pcGVfaXRlbSB1aS1zb3J0YWJsZSBzdWJtaXRfY29udGFpbmVyIiBzdHlsZT0idGV4dC1hbGlnbjpjZW50ZXI7IG1hcmdpbi1ib3R0b206MTVweDsiPjwhLS0gW2V0X3BiX2xpbmVfYnJlYWtfaG9sZGVyXSAtLT48YnV0dG9uIHR5cGU9InN1Ym1pdCIgY2xhc3M9ImNyX2J1dHRvbiI+U2VuZDwvYnV0dG9uPjwhLS0gW2V0X3BiX2xpbmVfYnJlYWtfaG9sZGVyXSAtLT48L2Rpdj4KPHA+PCEtLSBbZXRfcGJfbGluZV9icmVha19ob2xkZXJdIC0tPjwhLS0gW2V0X3BiX2xpbmVfYnJlYWtfaG9sZGVyXSAtLT4gICAgICAgIDwvZGl2Pgo8cD48IS0tIFtldF9wYl9saW5lX2JyZWFrX2hvbGRlcl0gLS0+ICAgICAgICA8IS0tIFtldF9wYl9saW5lX2JyZWFrX2hvbGRlcl0gLS0+CTxub3NjcmlwdD48YSBocmVmPSJodHRwOi8vd3d3LmNsZXZlcnJlYWNoLmRlIj53d3cuQ2xldmVyUmVhY2guZGU8L2E+PC9ub3NjcmlwdD48IS0tIFtldF9wYl9saW5lX2JyZWFrX2hvbGRlcl0gLS0+ICAgIDwvZGl2Pgo8cD48IS0tIFtldF9wYl9saW5lX2JyZWFrX2hvbGRlcl0gLS0+PCEtLSBbZXRfcGJfbGluZV9icmVha19ob2xkZXJdIC0tPiAgICA8IS0tIFtldF9wYl9saW5lX2JyZWFrX2hvbGRlcl0gLS0+PC9mb3JtPgo8cD48IS0tIFtldF9wYl9saW5lX2JyZWFrX2hvbGRlcl0gLS0+\"><div class=\"brlbs-cmpnt-cb-preset-b brlbs-cmpnt-cb-clever-reach\"> <div class=\"brlbs-cmpnt-cb-thumbnail\" style=\"background-image: url('https:\/\/www.diecrew.de\/wp-content\/uploads\/borlabs-cookie\/1\/bct-mailchimp-vanilla-(2)-main.png')\"><\/div> <div class=\"brlbs-cmpnt-cb-main\"> <div class=\"brlbs-cmpnt-cb-content\"> <p class=\"brlbs-cmpnt-cb-description\">You are currently viewing a placeholder content from <strong>Cleverreach<\/strong> which also establishes a connection with <strong>Google, i.e. reCAPTCHA<\/strong>. To access the actual content, click the button below. Please note that doing so will share data with third-party providers.<\/p> <a class=\"brlbs-cmpnt-cb-provider-toggle\" href=\"#\" data-borlabs-cookie-show-provider-information role=\"button\">More Information<\/a> <\/div> <div class=\"brlbs-cmpnt-cb-buttons\"> <a class=\"brlbs-cmpnt-cb-btn\" href=\"#\" data-borlabs-cookie-unblock role=\"button\">Unblock content<\/a> <a class=\"brlbs-cmpnt-cb-btn\" href=\"#\" data-borlabs-cookie-accept-service role=\"button\" style=\"display: inherit\">Accept required service and unblock content<\/a> <\/div> <\/div> <\/div><\/div>[\/et_pb_code][\/et_pb_column][\/et_pb_row][et_pb_row _builder_version=&#8221;4.19.0&#8243; _module_preset=&#8221;default&#8221; locked=&#8221;off&#8221; global_colors_info=&#8221;{}&#8221;][et_pb_column type=&#8221;4_4&#8243; _builder_version=&#8221;4.19.0&#8243; _module_preset=&#8221;default&#8221; global_colors_info=&#8221;{}&#8221;][et_pb_text _builder_version=&#8221;4.19.0&#8243; _module_preset=&#8221;default&#8221; global_colors_info=&#8221;{}&#8221;]<\/p>\n<p style=\"text-align: center;color:#B8B8B8;\">Here you can unsubscribe from our newsletter service: Newsletter unsubscription. <a href=\"https:\/\/www.diecrew.de\/en\/newsletter-unsubscribe\/\">unsubscribe<\/a><\/p>\n<p>[\/et_pb_text][\/et_pb_column][\/et_pb_row][\/et_pb_section]<\/p>\n","protected":false},"excerpt":{"rendered":"<p>Newsletter registration With our CREW UPDATE, you will regularly receive the latest news about the crew and exciting information about advertising, marketing and creation. We look forward to hearing from you! Title Mrs\/Ms Mr Mx Note on data protectionBy entering my e-mail address and clicking the &#8220;Subscribe&#8221; button, I agree to DIE CREW AG sending [&hellip;]<\/p>\n","protected":false},"author":1,"featured_media":11742,"parent":0,"menu_order":0,"comment_status":"closed","ping_status":"closed","template":"","meta":{"_acf_changed":false,"_et_pb_use_builder":"on","_et_pb_old_content":"","_et_gb_content_width":"","footnotes":""},"class_list":["post-12159","page","type-page","status-publish","has-post-thumbnail","hentry"],"acf":[],"yoast_head":"<!-- This site is optimized with the Yoast SEO plugin v26.8 - https:\/\/yoast.com\/product\/yoast-seo-wordpress\/ -->\n<title>Newsletter | DIE CREW AG<\/title>\n<meta name=\"description\" content=\"With our newsletter, you will regularly receive the latest news about the crew and exciting information about advertising, marketing and creation. We look forward to hearing from you!\" \/>\n<meta name=\"robots\" content=\"index, follow, max-snippet:-1, max-image-preview:large, max-video-preview:-1\" \/>\n<link rel=\"canonical\" href=\"https:\/\/www.diecrew.de\/en\/newsletter\/\" \/>\n<meta property=\"og:locale\" content=\"en_US\" \/>\n<meta property=\"og:type\" content=\"article\" \/>\n<meta property=\"og:title\" content=\"Newsletter | DIE CREW AG\" \/>\n<meta property=\"og:description\" content=\"With our newsletter, you will regularly receive the latest news about the crew and exciting information about advertising, marketing and creation. We look forward to hearing from you!\" \/>\n<meta property=\"og:url\" content=\"https:\/\/www.diecrew.de\/en\/newsletter\/\" \/>\n<meta property=\"og:site_name\" content=\"Die Crew AG\" \/>\n<meta property=\"article:modified_time\" content=\"2025-01-16T13:41:17+00:00\" \/>\n<meta property=\"og:image\" content=\"https:\/\/www.diecrew.de\/wp-content\/uploads\/2020\/12\/Beitragbilder_one_crew_1200x630-neu.jpg\" \/>\n\t<meta property=\"og:image:width\" content=\"1920\" \/>\n\t<meta property=\"og:image:height\" content=\"1008\" \/>\n\t<meta property=\"og:image:type\" content=\"image\/jpeg\" \/>\n<meta name=\"twitter:card\" content=\"summary_large_image\" \/>\n<meta name=\"twitter:label1\" content=\"Est. reading time\" \/>\n\t<meta name=\"twitter:data1\" content=\"2 minutes\" \/>\n<script type=\"application\/ld+json\" class=\"yoast-schema-graph\">{\"@context\":\"https:\/\/schema.org\",\"@graph\":[{\"@type\":\"WebPage\",\"@id\":\"https:\/\/www.diecrew.de\/en\/newsletter\/\",\"url\":\"https:\/\/www.diecrew.de\/en\/newsletter\/\",\"name\":\"Newsletter | DIE CREW AG\",\"isPartOf\":{\"@id\":\"https:\/\/www.diecrew.de\/en\/#website\"},\"primaryImageOfPage\":{\"@id\":\"https:\/\/www.diecrew.de\/en\/newsletter\/#primaryimage\"},\"image\":{\"@id\":\"https:\/\/www.diecrew.de\/en\/newsletter\/#primaryimage\"},\"thumbnailUrl\":\"https:\/\/www.diecrew.de\/wp-content\/uploads\/2020\/12\/Beitragbilder_one_crew_1200x630-neu.jpg\",\"datePublished\":\"2022-02-03T08:50:38+00:00\",\"dateModified\":\"2025-01-16T13:41:17+00:00\",\"description\":\"With our newsletter, you will regularly receive the latest news about the crew and exciting information about advertising, marketing and creation. We look forward to hearing from you!\",\"breadcrumb\":{\"@id\":\"https:\/\/www.diecrew.de\/en\/newsletter\/#breadcrumb\"},\"inLanguage\":\"en-US\",\"potentialAction\":[{\"@type\":\"ReadAction\",\"target\":[\"https:\/\/www.diecrew.de\/en\/newsletter\/\"]}]},{\"@type\":\"ImageObject\",\"inLanguage\":\"en-US\",\"@id\":\"https:\/\/www.diecrew.de\/en\/newsletter\/#primaryimage\",\"url\":\"https:\/\/www.diecrew.de\/wp-content\/uploads\/2020\/12\/Beitragbilder_one_crew_1200x630-neu.jpg\",\"contentUrl\":\"https:\/\/www.diecrew.de\/wp-content\/uploads\/2020\/12\/Beitragbilder_one_crew_1200x630-neu.jpg\",\"width\":1920,\"height\":1008},{\"@type\":\"BreadcrumbList\",\"@id\":\"https:\/\/www.diecrew.de\/en\/newsletter\/#breadcrumb\",\"itemListElement\":[{\"@type\":\"ListItem\",\"position\":1,\"name\":\"Startseite\",\"item\":\"https:\/\/www.diecrew.de\/en\/\"},{\"@type\":\"ListItem\",\"position\":2,\"name\":\"Newsletter\"}]},{\"@type\":\"WebSite\",\"@id\":\"https:\/\/www.diecrew.de\/en\/#website\",\"url\":\"https:\/\/www.diecrew.de\/en\/\",\"name\":\"Die Crew AG\",\"description\":\"Wir, die Stuttgarter Werbeagentur DIE CREW, stehen f\u00fcr Creative Sales Campaigning. Wir entwickeln Marken, machen Vertriebsorganisationen schlagkr\u00e4ftig, sorgen f\u00fcr Wirkung im Markt.\",\"potentialAction\":[{\"@type\":\"SearchAction\",\"target\":{\"@type\":\"EntryPoint\",\"urlTemplate\":\"https:\/\/www.diecrew.de\/en\/?s={search_term_string}\"},\"query-input\":{\"@type\":\"PropertyValueSpecification\",\"valueRequired\":true,\"valueName\":\"search_term_string\"}}],\"inLanguage\":\"en-US\"}]}<\/script>\n<!-- \/ Yoast SEO plugin. -->","yoast_head_json":{"title":"Newsletter | DIE CREW AG","description":"With our newsletter, you will regularly receive the latest news about the crew and exciting information about advertising, marketing and creation. We look forward to hearing from you!","robots":{"index":"index","follow":"follow","max-snippet":"max-snippet:-1","max-image-preview":"max-image-preview:large","max-video-preview":"max-video-preview:-1"},"canonical":"https:\/\/www.diecrew.de\/en\/newsletter\/","og_locale":"en_US","og_type":"article","og_title":"Newsletter | DIE CREW AG","og_description":"With our newsletter, you will regularly receive the latest news about the crew and exciting information about advertising, marketing and creation. We look forward to hearing from you!","og_url":"https:\/\/www.diecrew.de\/en\/newsletter\/","og_site_name":"Die Crew AG","article_modified_time":"2025-01-16T13:41:17+00:00","og_image":[{"width":1920,"height":1008,"url":"https:\/\/www.diecrew.de\/wp-content\/uploads\/2020\/12\/Beitragbilder_one_crew_1200x630-neu.jpg","type":"image\/jpeg"}],"twitter_card":"summary_large_image","twitter_misc":{"Est. reading time":"2 minutes"},"schema":{"@context":"https:\/\/schema.org","@graph":[{"@type":"WebPage","@id":"https:\/\/www.diecrew.de\/en\/newsletter\/","url":"https:\/\/www.diecrew.de\/en\/newsletter\/","name":"Newsletter | DIE CREW AG","isPartOf":{"@id":"https:\/\/www.diecrew.de\/en\/#website"},"primaryImageOfPage":{"@id":"https:\/\/www.diecrew.de\/en\/newsletter\/#primaryimage"},"image":{"@id":"https:\/\/www.diecrew.de\/en\/newsletter\/#primaryimage"},"thumbnailUrl":"https:\/\/www.diecrew.de\/wp-content\/uploads\/2020\/12\/Beitragbilder_one_crew_1200x630-neu.jpg","datePublished":"2022-02-03T08:50:38+00:00","dateModified":"2025-01-16T13:41:17+00:00","description":"With our newsletter, you will regularly receive the latest news about the crew and exciting information about advertising, marketing and creation. We look forward to hearing from you!","breadcrumb":{"@id":"https:\/\/www.diecrew.de\/en\/newsletter\/#breadcrumb"},"inLanguage":"en-US","potentialAction":[{"@type":"ReadAction","target":["https:\/\/www.diecrew.de\/en\/newsletter\/"]}]},{"@type":"ImageObject","inLanguage":"en-US","@id":"https:\/\/www.diecrew.de\/en\/newsletter\/#primaryimage","url":"https:\/\/www.diecrew.de\/wp-content\/uploads\/2020\/12\/Beitragbilder_one_crew_1200x630-neu.jpg","contentUrl":"https:\/\/www.diecrew.de\/wp-content\/uploads\/2020\/12\/Beitragbilder_one_crew_1200x630-neu.jpg","width":1920,"height":1008},{"@type":"BreadcrumbList","@id":"https:\/\/www.diecrew.de\/en\/newsletter\/#breadcrumb","itemListElement":[{"@type":"ListItem","position":1,"name":"Startseite","item":"https:\/\/www.diecrew.de\/en\/"},{"@type":"ListItem","position":2,"name":"Newsletter"}]},{"@type":"WebSite","@id":"https:\/\/www.diecrew.de\/en\/#website","url":"https:\/\/www.diecrew.de\/en\/","name":"Die Crew AG","description":"Wir, die Stuttgarter Werbeagentur DIE CREW, stehen f\u00fcr Creative Sales Campaigning. Wir entwickeln Marken, machen Vertriebsorganisationen schlagkr\u00e4ftig, sorgen f\u00fcr Wirkung im Markt.","potentialAction":[{"@type":"SearchAction","target":{"@type":"EntryPoint","urlTemplate":"https:\/\/www.diecrew.de\/en\/?s={search_term_string}"},"query-input":{"@type":"PropertyValueSpecification","valueRequired":true,"valueName":"search_term_string"}}],"inLanguage":"en-US"}]}},"_links":{"self":[{"href":"https:\/\/www.diecrew.de\/en\/wp-json\/wp\/v2\/pages\/12159","targetHints":{"allow":["GET"]}}],"collection":[{"href":"https:\/\/www.diecrew.de\/en\/wp-json\/wp\/v2\/pages"}],"about":[{"href":"https:\/\/www.diecrew.de\/en\/wp-json\/wp\/v2\/types\/page"}],"author":[{"embeddable":true,"href":"https:\/\/www.diecrew.de\/en\/wp-json\/wp\/v2\/users\/1"}],"replies":[{"embeddable":true,"href":"https:\/\/www.diecrew.de\/en\/wp-json\/wp\/v2\/comments?post=12159"}],"version-history":[{"count":17,"href":"https:\/\/www.diecrew.de\/en\/wp-json\/wp\/v2\/pages\/12159\/revisions"}],"predecessor-version":[{"id":29413,"href":"https:\/\/www.diecrew.de\/en\/wp-json\/wp\/v2\/pages\/12159\/revisions\/29413"}],"wp:featuredmedia":[{"embeddable":true,"href":"https:\/\/www.diecrew.de\/en\/wp-json\/wp\/v2\/media\/11742"}],"wp:attachment":[{"href":"https:\/\/www.diecrew.de\/en\/wp-json\/wp\/v2\/media?parent=12159"}],"curies":[{"name":"wp","href":"https:\/\/api.w.org\/{rel}","templated":true}]}}