{"id":12120,"date":"2022-02-03T09:02:27","date_gmt":"2022-02-03T08:02:27","guid":{"rendered":"https:\/\/www.diecrew.de\/work\/"},"modified":"2024-09-05T21:30:15","modified_gmt":"2024-09-05T19:30:15","slug":"work","status":"publish","type":"page","link":"https:\/\/www.diecrew.de\/en\/work\/","title":{"rendered":"Work"},"content":{"rendered":"<p>[et_pb_section fb_built=&#8221;1&#8243; disabled_on=&#8221;on|off|off&#8221; _builder_version=&#8221;4.16&#8243; background_enable_color=&#8221;off&#8221; use_background_color_gradient=&#8221;on&#8221; background_color_gradient_direction=&#8221;90deg&#8221; background_color_gradient_stops=&#8221;#356f94 0%|#0a202f 100%&#8221; background_color_gradient_start=&#8221;#356f94&#8243; background_color_gradient_end=&#8221;#0a202f&#8221; background_image=&#8221;https:\/\/www.diecrew.de\/wp-content\/uploads\/2022\/02\/header-get-the-goods-moving.png&#8221; min_height=&#8221;450px&#8221; height=&#8221;450px&#8221; max_height=&#8221;450px&#8221; z_index_tablet=&#8221;500&#8243; box_shadow_horizontal_tablet=&#8221;0px&#8221; box_shadow_vertical_tablet=&#8221;0px&#8221; box_shadow_blur_tablet=&#8221;40px&#8221; box_shadow_spread_tablet=&#8221;0px&#8221; global_colors_info=&#8221;{}&#8221;][\/et_pb_section][et_pb_section fb_built=&#8221;1&#8243; disabled_on=&#8221;off|on|on&#8221; admin_label=&#8221;Mobile Header&#8221; module_class=&#8221;mobile-header&#8221; _builder_version=&#8221;4.16&#8243; background_enable_color=&#8221;off&#8221; background_enable_image=&#8221;off&#8221; background_size=&#8221;contain&#8221; custom_padding=&#8221;0px||0px||false|false&#8221; z_index_tablet=&#8221;500&#8243; box_shadow_horizontal_tablet=&#8221;0px&#8221; box_shadow_vertical_tablet=&#8221;0px&#8221; box_shadow_blur_tablet=&#8221;40px&#8221; box_shadow_spread_tablet=&#8221;0px&#8221; locked=&#8221;off&#8221; global_colors_info=&#8221;{}&#8221;][et_pb_row _builder_version=&#8221;4.16&#8243; width=&#8221;100%&#8221; z_index_tablet=&#8221;500&#8243; box_shadow_horizontal_tablet=&#8221;0px&#8221; box_shadow_vertical_tablet=&#8221;0px&#8221; box_shadow_blur_tablet=&#8221;40px&#8221; box_shadow_spread_tablet=&#8221;0px&#8221; global_colors_info=&#8221;{}&#8221;][et_pb_column type=&#8221;4_4&#8243; _builder_version=&#8221;4.16&#8243; custom_padding=&#8221;|||&#8221; global_colors_info=&#8221;{}&#8221; custom_padding__hover=&#8221;|||&#8221;][et_pb_image src=&#8221;https:\/\/www.diecrew.de\/wp-content\/uploads\/2022\/02\/header-get-the-goods-moving-mobile.png&#8221; alt=&#8221;Get the goods moving&#8221; title_text=&#8221;header-get-the-goods-moving-mobile&#8221; _builder_version=&#8221;4.16&#8243; use_background_color_gradient=&#8221;on&#8221; background_color_gradient_direction=&#8221;90deg&#8221; background_color_gradient_stops=&#8221;#356f94 0%|#0a202f 100%&#8221; background_color_gradient_start=&#8221;#356f94&#8243; background_color_gradient_end=&#8221;#0a202f&#8221; global_colors_info=&#8221;{}&#8221;][\/et_pb_image][\/et_pb_column][\/et_pb_row][\/et_pb_section][et_pb_section fb_built=&#8221;1&#8243; _builder_version=&#8221;4.16&#8243; custom_padding=&#8221;80px||80px|||&#8221; global_colors_info=&#8221;{}&#8221;][et_pb_row custom_padding_last_edited=&#8221;on|desktop&#8221; _builder_version=&#8221;4.16&#8243; custom_padding=&#8221;0px|0px|0px|0px&#8221; custom_padding_tablet=&#8221;&#8221; custom_padding_phone=&#8221;&#8221; z_index_tablet=&#8221;500&#8243; box_shadow_horizontal_tablet=&#8221;0px&#8221; box_shadow_vertical_tablet=&#8221;0px&#8221; box_shadow_blur_tablet=&#8221;40px&#8221; box_shadow_spread_tablet=&#8221;0px&#8221; global_colors_info=&#8221;{}&#8221;][et_pb_column type=&#8221;4_4&#8243; _builder_version=&#8221;4.16&#8243; global_colors_info=&#8221;{}&#8221;][et_pb_text admin_label=&#8221;Big Headline&#8221; module_class=&#8221;headline-big&#8221; _builder_version=&#8221;4.16&#8243; header_font_size=&#8221;62px&#8221; min_height=&#8221;49px&#8221; header_font_size_tablet=&#8221;&#8221; header_font_size_phone=&#8221;34px&#8221; header_font_size_last_edited=&#8221;on|phone&#8221; z_index_tablet=&#8221;500&#8243; text_text_shadow_horizontal_length_tablet=&#8221;0px&#8221; text_text_shadow_vertical_length_tablet=&#8221;0px&#8221; text_text_shadow_blur_strength_tablet=&#8221;1px&#8221; link_text_shadow_horizontal_length_tablet=&#8221;0px&#8221; link_text_shadow_vertical_length_tablet=&#8221;0px&#8221; link_text_shadow_blur_strength_tablet=&#8221;1px&#8221; ul_text_shadow_horizontal_length_tablet=&#8221;0px&#8221; ul_text_shadow_vertical_length_tablet=&#8221;0px&#8221; ul_text_shadow_blur_strength_tablet=&#8221;1px&#8221; ol_text_shadow_horizontal_length_tablet=&#8221;0px&#8221; ol_text_shadow_vertical_length_tablet=&#8221;0px&#8221; ol_text_shadow_blur_strength_tablet=&#8221;1px&#8221; quote_text_shadow_horizontal_length_tablet=&#8221;0px&#8221; quote_text_shadow_vertical_length_tablet=&#8221;0px&#8221; quote_text_shadow_blur_strength_tablet=&#8221;1px&#8221; header_text_shadow_horizontal_length_tablet=&#8221;0px&#8221; header_text_shadow_vertical_length_tablet=&#8221;0px&#8221; header_text_shadow_blur_strength_tablet=&#8221;1px&#8221; header_2_text_shadow_horizontal_length_tablet=&#8221;0px&#8221; header_2_text_shadow_vertical_length_tablet=&#8221;0px&#8221; header_2_text_shadow_blur_strength_tablet=&#8221;1px&#8221; header_3_text_shadow_horizontal_length_tablet=&#8221;0px&#8221; header_3_text_shadow_vertical_length_tablet=&#8221;0px&#8221; header_3_text_shadow_blur_strength_tablet=&#8221;1px&#8221; header_4_text_shadow_horizontal_length_tablet=&#8221;0px&#8221; header_4_text_shadow_vertical_length_tablet=&#8221;0px&#8221; header_4_text_shadow_blur_strength_tablet=&#8221;1px&#8221; header_5_text_shadow_horizontal_length_tablet=&#8221;0px&#8221; header_5_text_shadow_vertical_length_tablet=&#8221;0px&#8221; header_5_text_shadow_blur_strength_tablet=&#8221;1px&#8221; header_6_text_shadow_horizontal_length_tablet=&#8221;0px&#8221; header_6_text_shadow_vertical_length_tablet=&#8221;0px&#8221; header_6_text_shadow_blur_strength_tablet=&#8221;1px&#8221; box_shadow_horizontal_tablet=&#8221;0px&#8221; box_shadow_vertical_tablet=&#8221;0px&#8221; box_shadow_blur_tablet=&#8221;40px&#8221; box_shadow_spread_tablet=&#8221;0px&#8221; global_colors_info=&#8221;{}&#8221;]<\/p>\n<h1>Advertising that does something for your money.<\/h1>\n<p>[\/et_pb_text][et_pb_text _builder_version=&#8221;4.16&#8243; text_font=&#8221;Open Sans||||||||&#8221; text_text_color=&#8221;#b8b8b8&#8243; text_font_size=&#8221;22px&#8221; text_line_height=&#8221;1.6em&#8221; header_font_size=&#8221;62px&#8221; custom_padding=&#8221;0px||0px|||&#8221; text_font_size_tablet=&#8221;&#8221; text_font_size_phone=&#8221;20px&#8221; text_font_size_last_edited=&#8221;on|phone&#8221; z_index_tablet=&#8221;500&#8243; text_text_shadow_horizontal_length_tablet=&#8221;0px&#8221; text_text_shadow_vertical_length_tablet=&#8221;0px&#8221; text_text_shadow_blur_strength_tablet=&#8221;1px&#8221; link_text_shadow_horizontal_length_tablet=&#8221;0px&#8221; link_text_shadow_vertical_length_tablet=&#8221;0px&#8221; link_text_shadow_blur_strength_tablet=&#8221;1px&#8221; ul_text_shadow_horizontal_length_tablet=&#8221;0px&#8221; ul_text_shadow_vertical_length_tablet=&#8221;0px&#8221; ul_text_shadow_blur_strength_tablet=&#8221;1px&#8221; ol_text_shadow_horizontal_length_tablet=&#8221;0px&#8221; ol_text_shadow_vertical_length_tablet=&#8221;0px&#8221; ol_text_shadow_blur_strength_tablet=&#8221;1px&#8221; quote_text_shadow_horizontal_length_tablet=&#8221;0px&#8221; quote_text_shadow_vertical_length_tablet=&#8221;0px&#8221; quote_text_shadow_blur_strength_tablet=&#8221;1px&#8221; header_text_shadow_horizontal_length_tablet=&#8221;0px&#8221; header_text_shadow_vertical_length_tablet=&#8221;0px&#8221; header_text_shadow_blur_strength_tablet=&#8221;1px&#8221; header_2_text_shadow_horizontal_length_tablet=&#8221;0px&#8221; header_2_text_shadow_vertical_length_tablet=&#8221;0px&#8221; header_2_text_shadow_blur_strength_tablet=&#8221;1px&#8221; header_3_text_shadow_horizontal_length_tablet=&#8221;0px&#8221; header_3_text_shadow_vertical_length_tablet=&#8221;0px&#8221; header_3_text_shadow_blur_strength_tablet=&#8221;1px&#8221; header_4_text_shadow_horizontal_length_tablet=&#8221;0px&#8221; header_4_text_shadow_vertical_length_tablet=&#8221;0px&#8221; header_4_text_shadow_blur_strength_tablet=&#8221;1px&#8221; header_5_text_shadow_horizontal_length_tablet=&#8221;0px&#8221; header_5_text_shadow_vertical_length_tablet=&#8221;0px&#8221; header_5_text_shadow_blur_strength_tablet=&#8221;1px&#8221; header_6_text_shadow_horizontal_length_tablet=&#8221;0px&#8221; header_6_text_shadow_vertical_length_tablet=&#8221;0px&#8221; header_6_text_shadow_blur_strength_tablet=&#8221;1px&#8221; box_shadow_horizontal_tablet=&#8221;0px&#8221; box_shadow_vertical_tablet=&#8221;0px&#8221; box_shadow_blur_tablet=&#8221;40px&#8221; box_shadow_spread_tablet=&#8221;0px&#8221; locked=&#8221;off&#8221; global_colors_info=&#8221;{}&#8221;]<\/p>\n<p><sup style=\"font-size:14px;\">*<\/sup> The quote is from Prof. Rembert Horstmann, now of Cologne Business School, a former Head of Sales and Marketing at thyssenkrupp Elevator and Fiege Logistik. If you want to have more impact on the market, at the end of the day you must make this simple calculation. It is a goal that we can only achieve together. Our role is to inspire you, and as an interface between sales and marketing, to develop bold and successful campaigns across sales channels. We call this creative sales campaigning.<\/p>\n<p>[\/et_pb_text][\/et_pb_column][\/et_pb_row][et_pb_row _builder_version=&#8221;4.16&#8243; background_size=&#8221;initial&#8221; background_position=&#8221;top_left&#8221; background_repeat=&#8221;repeat&#8221; custom_padding=&#8221;60px||0px|||&#8221; global_colors_info=&#8221;{}&#8221;][et_pb_column type=&#8221;4_4&#8243; _builder_version=&#8221;4.16&#8243; custom_padding=&#8221;|||&#8221; global_colors_info=&#8221;{}&#8221; custom_padding__hover=&#8221;|||&#8221;][et_pb_code disabled_on=&#8221;on|on|on&#8221; _builder_version=&#8221;4.16&#8243; custom_css_main_element=&#8221;text-align:center;&#8221; disabled=&#8221;on&#8221; global_colors_info=&#8221;{}&#8221;]<pee class=\"filter\"><!-- [et_pb_line_break_holder] --> FILTER<!-- [et_pb_line_break_holder] --><\/pee><!-- [et_pb_line_break_holder] --><!\u2013- [et_pb_br_holder] -\u2013><!-- [et_pb_line_break_holder] --><a onclick=\"showhide2()\" class=\"show-filter\"><img decoding=\"async\" id=\"button-rotate\" src=\"\/wp-content\/themes\/crew\/icons\/pfeil.svg\"><\/a>[\/et_pb_code][et_pb_filterable_portfolio posts_number=&#8221;0&#8243; module_class=&#8221;kunden-drei-info&#8221; _builder_version=&#8221;4.27.0&#8243; title_font=&#8221;|300|||||||&#8221; filter_font=&#8221;||||||||&#8221; caption_font=&#8221;|||on|||||&#8221; caption_font_size=&#8221;11px&#8221; caption_line_height=&#8221;1.3em&#8221; hover_enabled=&#8221;0&#8243; z_index_tablet=&#8221;500&#8243; custom_css_portfolio_image=&#8221;||&#8221; title_text_shadow_horizontal_length_tablet=&#8221;0px&#8221; title_text_shadow_vertical_length_tablet=&#8221;0px&#8221; title_text_shadow_blur_strength_tablet=&#8221;1px&#8221; filter_text_shadow_horizontal_length_tablet=&#8221;0px&#8221; filter_text_shadow_vertical_length_tablet=&#8221;0px&#8221; filter_text_shadow_blur_strength_tablet=&#8221;1px&#8221; caption_text_shadow_horizontal_length_tablet=&#8221;0px&#8221; caption_text_shadow_vertical_length_tablet=&#8221;0px&#8221; caption_text_shadow_blur_strength_tablet=&#8221;1px&#8221; pagination_text_shadow_horizontal_length_tablet=&#8221;0px&#8221; pagination_text_shadow_vertical_length_tablet=&#8221;0px&#8221; pagination_text_shadow_blur_strength_tablet=&#8221;1px&#8221; box_shadow_horizontal_tablet=&#8221;0px&#8221; box_shadow_vertical_tablet=&#8221;0px&#8221; box_shadow_blur_tablet=&#8221;40px&#8221; box_shadow_spread_tablet=&#8221;0px&#8221; box_shadow_horizontal_image_tablet=&#8221;0px&#8221; box_shadow_vertical_image_tablet=&#8221;0px&#8221; box_shadow_blur_image_tablet=&#8221;40px&#8221; box_shadow_spread_image_tablet=&#8221;0px&#8221; text_shadow_horizontal_length_tablet=&#8221;0px&#8221; text_shadow_vertical_length_tablet=&#8221;0px&#8221; text_shadow_blur_strength_tablet=&#8221;1px&#8221; global_colors_info=&#8221;{}&#8221; disabled_on=&#8221;on|on|on&#8221; disabled=&#8221;on&#8221; sticky_enabled=&#8221;0&#8243;][\/et_pb_filterable_portfolio][crew_caseFilter _builder_version=&#8221;4.27.0&#8243; _module_preset=&#8221;default&#8221; locked=&#8221;off&#8221; global_colors_info=&#8221;{}&#8221;][\/crew_caseFilter][\/et_pb_column][\/et_pb_row][\/et_pb_section]<\/p>\n","protected":false},"excerpt":{"rendered":"<p>Advertising that does something for your money.* The quote is from Prof. Rembert Horstmann, now of Cologne Business School, a former Head of Sales and Marketing at thyssenkrupp Elevator and Fiege Logistik. If you want to have more impact on the market, at the end of the day you must make this simple calculation. It [&hellip;]<\/p>\n","protected":false},"author":1,"featured_media":12355,"parent":0,"menu_order":0,"comment_status":"closed","ping_status":"closed","template":"","meta":{"_acf_changed":false,"_et_pb_use_builder":"on","_et_pb_old_content":"","_et_gb_content_width":"","footnotes":""},"class_list":["post-12120","page","type-page","status-publish","has-post-thumbnail","hentry"],"acf":[],"yoast_head":"<!-- This site is optimized with the Yoast SEO plugin v27.3 - https:\/\/yoast.com\/product\/yoast-seo-wordpress\/ -->\n<title>WORK | THE CREW AG<\/title>\n<meta name=\"description\" content=\"We give brands attitude and a personal character through our work. Learn more about our client projects and references!\" \/>\n<meta name=\"robots\" content=\"index, follow, max-snippet:-1, max-image-preview:large, max-video-preview:-1\" \/>\n<link rel=\"canonical\" href=\"https:\/\/www.diecrew.de\/en\/work\/\" \/>\n<meta property=\"og:locale\" content=\"en_US\" \/>\n<meta property=\"og:type\" content=\"article\" \/>\n<meta property=\"og:title\" content=\"WORK | THE CREW AG\" \/>\n<meta property=\"og:description\" content=\"We give brands attitude and a personal character through our work. Learn more about our client projects and references!\" \/>\n<meta property=\"og:url\" content=\"https:\/\/www.diecrew.de\/en\/work\/\" \/>\n<meta property=\"og:site_name\" content=\"Die Crew AG\" \/>\n<meta property=\"article:modified_time\" content=\"2024-09-05T19:30:15+00:00\" \/>\n<meta property=\"og:image\" content=\"https:\/\/www.diecrew.de\/wp-content\/uploads\/2022\/02\/Beitragbilder-EN-1200x6302-1.png\" \/>\n\t<meta property=\"og:image:width\" content=\"1200\" \/>\n\t<meta property=\"og:image:height\" content=\"630\" \/>\n\t<meta property=\"og:image:type\" content=\"image\/png\" \/>\n<meta name=\"twitter:card\" content=\"summary_large_image\" \/>\n<meta name=\"twitter:label1\" content=\"Est. reading time\" \/>\n\t<meta name=\"twitter:data1\" content=\"12 minutes\" \/>\n<script type=\"application\/ld+json\" class=\"yoast-schema-graph\">{\"@context\":\"https:\\\/\\\/schema.org\",\"@graph\":[{\"@type\":\"WebPage\",\"@id\":\"https:\\\/\\\/www.diecrew.de\\\/en\\\/work\\\/\",\"url\":\"https:\\\/\\\/www.diecrew.de\\\/en\\\/work\\\/\",\"name\":\"WORK | THE CREW AG\",\"isPartOf\":{\"@id\":\"https:\\\/\\\/www.diecrew.de\\\/en\\\/#website\"},\"primaryImageOfPage\":{\"@id\":\"https:\\\/\\\/www.diecrew.de\\\/en\\\/work\\\/#primaryimage\"},\"image\":{\"@id\":\"https:\\\/\\\/www.diecrew.de\\\/en\\\/work\\\/#primaryimage\"},\"thumbnailUrl\":\"https:\\\/\\\/www.diecrew.de\\\/wp-content\\\/uploads\\\/2022\\\/02\\\/Beitragbilder-EN-1200x6302-1.png\",\"datePublished\":\"2022-02-03T08:02:27+00:00\",\"dateModified\":\"2024-09-05T19:30:15+00:00\",\"description\":\"We give brands attitude and a personal character through our work. Learn more about our client projects and references!\",\"breadcrumb\":{\"@id\":\"https:\\\/\\\/www.diecrew.de\\\/en\\\/work\\\/#breadcrumb\"},\"inLanguage\":\"en-US\",\"potentialAction\":[{\"@type\":\"ReadAction\",\"target\":[\"https:\\\/\\\/www.diecrew.de\\\/en\\\/work\\\/\"]}]},{\"@type\":\"ImageObject\",\"inLanguage\":\"en-US\",\"@id\":\"https:\\\/\\\/www.diecrew.de\\\/en\\\/work\\\/#primaryimage\",\"url\":\"https:\\\/\\\/www.diecrew.de\\\/wp-content\\\/uploads\\\/2022\\\/02\\\/Beitragbilder-EN-1200x6302-1.png\",\"contentUrl\":\"https:\\\/\\\/www.diecrew.de\\\/wp-content\\\/uploads\\\/2022\\\/02\\\/Beitragbilder-EN-1200x6302-1.png\",\"width\":1200,\"height\":630},{\"@type\":\"BreadcrumbList\",\"@id\":\"https:\\\/\\\/www.diecrew.de\\\/en\\\/work\\\/#breadcrumb\",\"itemListElement\":[{\"@type\":\"ListItem\",\"position\":1,\"name\":\"Startseite\",\"item\":\"https:\\\/\\\/www.diecrew.de\\\/en\\\/\"},{\"@type\":\"ListItem\",\"position\":2,\"name\":\"Work\"}]},{\"@type\":\"WebSite\",\"@id\":\"https:\\\/\\\/www.diecrew.de\\\/en\\\/#website\",\"url\":\"https:\\\/\\\/www.diecrew.de\\\/en\\\/\",\"name\":\"Die Crew AG\",\"description\":\"Wir, die Stuttgarter Werbeagentur DIE CREW, stehen f\u00fcr Creative Sales Campaigning. Wir entwickeln Marken, machen Vertriebsorganisationen schlagkr\u00e4ftig, sorgen f\u00fcr Wirkung im Markt.\",\"potentialAction\":[{\"@type\":\"SearchAction\",\"target\":{\"@type\":\"EntryPoint\",\"urlTemplate\":\"https:\\\/\\\/www.diecrew.de\\\/en\\\/?s={search_term_string}\"},\"query-input\":{\"@type\":\"PropertyValueSpecification\",\"valueRequired\":true,\"valueName\":\"search_term_string\"}}],\"inLanguage\":\"en-US\"}]}<\/script>\n<!-- \/ Yoast SEO plugin. -->","yoast_head_json":{"title":"WORK | THE CREW AG","description":"We give brands attitude and a personal character through our work. Learn more about our client projects and references!","robots":{"index":"index","follow":"follow","max-snippet":"max-snippet:-1","max-image-preview":"max-image-preview:large","max-video-preview":"max-video-preview:-1"},"canonical":"https:\/\/www.diecrew.de\/en\/work\/","og_locale":"en_US","og_type":"article","og_title":"WORK | THE CREW AG","og_description":"We give brands attitude and a personal character through our work. Learn more about our client projects and references!","og_url":"https:\/\/www.diecrew.de\/en\/work\/","og_site_name":"Die Crew AG","article_modified_time":"2024-09-05T19:30:15+00:00","og_image":[{"width":1200,"height":630,"url":"https:\/\/www.diecrew.de\/wp-content\/uploads\/2022\/02\/Beitragbilder-EN-1200x6302-1.png","type":"image\/png"}],"twitter_card":"summary_large_image","twitter_misc":{"Est. reading time":"12 minutes"},"schema":{"@context":"https:\/\/schema.org","@graph":[{"@type":"WebPage","@id":"https:\/\/www.diecrew.de\/en\/work\/","url":"https:\/\/www.diecrew.de\/en\/work\/","name":"WORK | THE CREW AG","isPartOf":{"@id":"https:\/\/www.diecrew.de\/en\/#website"},"primaryImageOfPage":{"@id":"https:\/\/www.diecrew.de\/en\/work\/#primaryimage"},"image":{"@id":"https:\/\/www.diecrew.de\/en\/work\/#primaryimage"},"thumbnailUrl":"https:\/\/www.diecrew.de\/wp-content\/uploads\/2022\/02\/Beitragbilder-EN-1200x6302-1.png","datePublished":"2022-02-03T08:02:27+00:00","dateModified":"2024-09-05T19:30:15+00:00","description":"We give brands attitude and a personal character through our work. Learn more about our client projects and references!","breadcrumb":{"@id":"https:\/\/www.diecrew.de\/en\/work\/#breadcrumb"},"inLanguage":"en-US","potentialAction":[{"@type":"ReadAction","target":["https:\/\/www.diecrew.de\/en\/work\/"]}]},{"@type":"ImageObject","inLanguage":"en-US","@id":"https:\/\/www.diecrew.de\/en\/work\/#primaryimage","url":"https:\/\/www.diecrew.de\/wp-content\/uploads\/2022\/02\/Beitragbilder-EN-1200x6302-1.png","contentUrl":"https:\/\/www.diecrew.de\/wp-content\/uploads\/2022\/02\/Beitragbilder-EN-1200x6302-1.png","width":1200,"height":630},{"@type":"BreadcrumbList","@id":"https:\/\/www.diecrew.de\/en\/work\/#breadcrumb","itemListElement":[{"@type":"ListItem","position":1,"name":"Startseite","item":"https:\/\/www.diecrew.de\/en\/"},{"@type":"ListItem","position":2,"name":"Work"}]},{"@type":"WebSite","@id":"https:\/\/www.diecrew.de\/en\/#website","url":"https:\/\/www.diecrew.de\/en\/","name":"Die Crew AG","description":"Wir, die Stuttgarter Werbeagentur DIE CREW, stehen f\u00fcr Creative Sales Campaigning. Wir entwickeln Marken, machen Vertriebsorganisationen schlagkr\u00e4ftig, sorgen f\u00fcr Wirkung im Markt.","potentialAction":[{"@type":"SearchAction","target":{"@type":"EntryPoint","urlTemplate":"https:\/\/www.diecrew.de\/en\/?s={search_term_string}"},"query-input":{"@type":"PropertyValueSpecification","valueRequired":true,"valueName":"search_term_string"}}],"inLanguage":"en-US"}]}},"_links":{"self":[{"href":"https:\/\/www.diecrew.de\/en\/wp-json\/wp\/v2\/pages\/12120","targetHints":{"allow":["GET"]}}],"collection":[{"href":"https:\/\/www.diecrew.de\/en\/wp-json\/wp\/v2\/pages"}],"about":[{"href":"https:\/\/www.diecrew.de\/en\/wp-json\/wp\/v2\/types\/page"}],"author":[{"embeddable":true,"href":"https:\/\/www.diecrew.de\/en\/wp-json\/wp\/v2\/users\/1"}],"replies":[{"embeddable":true,"href":"https:\/\/www.diecrew.de\/en\/wp-json\/wp\/v2\/comments?post=12120"}],"version-history":[{"count":10,"href":"https:\/\/www.diecrew.de\/en\/wp-json\/wp\/v2\/pages\/12120\/revisions"}],"predecessor-version":[{"id":26186,"href":"https:\/\/www.diecrew.de\/en\/wp-json\/wp\/v2\/pages\/12120\/revisions\/26186"}],"wp:featuredmedia":[{"embeddable":true,"href":"https:\/\/www.diecrew.de\/en\/wp-json\/wp\/v2\/media\/12355"}],"wp:attachment":[{"href":"https:\/\/www.diecrew.de\/en\/wp-json\/wp\/v2\/media?parent=12120"}],"curies":[{"name":"wp","href":"https:\/\/api.w.org\/{rel}","templated":true}]}}